{"id":1311,"date":"2019-01-23T06:32:08","date_gmt":"2019-01-23T06:32:08","guid":{"rendered":"http:\/\/dreamflyingparagliding.com\/contact-us\/"},"modified":"2022-11-29T21:09:32","modified_gmt":"2022-11-30T02:09:32","slug":"contact-us","status":"publish","type":"page","link":"https:\/\/dreamflyingparagliding.com\/en\/contact-us\/","title":{"rendered":"Contact Us"},"content":{"rendered":"<div data-elementor-type=\"wp-post\" data-elementor-id=\"1311\" class=\"elementor elementor-1311\" data-elementor-settings=\"[]\">\n\t\t\t\t\t\t<div class=\"elementor-inner\">\n\t\t\t\t\t\t\t<div class=\"elementor-section-wrap\">\n\t\t\t\t\t\t\t<section class=\"elementor-section elementor-top-section elementor-element elementor-element-9ff25fa elementor-section-content-middle elementor-section-boxed elementor-section-height-default elementor-section-height-default\" data-id=\"9ff25fa\" data-element_type=\"section\" data-settings=\"{&quot;background_background&quot;:&quot;classic&quot;}\">\n\t\t\t\t\t\t\t<div class=\"elementor-background-overlay\"><\/div>\n\t\t\t\t\t\t\t<div class=\"elementor-container elementor-column-gap-no\">\n\t\t\t\t\t\t\t<div class=\"elementor-row\">\n\t\t\t\t\t<div class=\"elementor-column elementor-col-100 elementor-top-column elementor-element elementor-element-aa2695b\" data-id=\"aa2695b\" data-element_type=\"column\">\n\t\t\t<div class=\"elementor-column-wrap elementor-element-populated\">\n\t\t\t\t\t\t\t<div class=\"elementor-widget-wrap\">\n\t\t\t\t\t\t<div class=\"elementor-element elementor-element-5f3f64d elementor-widget elementor-widget-heading\" data-id=\"5f3f64d\" data-element_type=\"widget\" data-widget_type=\"heading.default\">\n\t\t\t\t<div class=\"elementor-widget-container\">\n\t\t\t<h1 class=\"elementor-heading-title elementor-size-default\">Contact us and book now<\/h1>\t\t<\/div>\n\t\t\t\t<\/div>\n\t\t\t\t\t\t<\/div>\n\t\t\t\t\t<\/div>\n\t\t<\/div>\n\t\t\t\t\t\t\t\t<\/div>\n\t\t\t\t\t<\/div>\n\t\t<\/section>\n\t\t\t\t<section class=\"elementor-section elementor-top-section elementor-element elementor-element-e1f563a elementor-section-boxed elementor-section-height-default elementor-section-height-default\" data-id=\"e1f563a\" data-element_type=\"section\">\n\t\t\t\t\t\t<div class=\"elementor-container elementor-column-gap-default\">\n\t\t\t\t\t\t\t<div class=\"elementor-row\">\n\t\t\t\t\t<div class=\"elementor-column elementor-col-100 elementor-top-column elementor-element elementor-element-4bc7583\" data-id=\"4bc7583\" data-element_type=\"column\">\n\t\t\t<div class=\"elementor-column-wrap elementor-element-populated\">\n\t\t\t\t\t\t\t<div class=\"elementor-widget-wrap\">\n\t\t\t\t\t\t<div class=\"elementor-element elementor-element-ff63c74 elementor-widget elementor-widget-heading\" data-id=\"ff63c74\" data-element_type=\"widget\" data-widget_type=\"heading.default\">\n\t\t\t\t<div class=\"elementor-widget-container\">\n\t\t\t<h2 class=\"elementor-heading-title elementor-size-default\">\n<h2 data-elementor-setting-key=\"title\" data-pen-placeholder=\"Teclea aqu\u00ed...\" style=\"font-size: 2.66667rem; font-style: normal; text-align: center;\">Ready to fly?\n<\/h2><h3> Make your reservation and keep your flight day. Write or call us now at:<br>+57 301 6868135\n+57 318 5176001<\/h3><\/h2>\t\t<\/div>\n\t\t\t\t<\/div>\n\t\t\t\t\t\t<\/div>\n\t\t\t\t\t<\/div>\n\t\t<\/div>\n\t\t\t\t\t\t\t\t<\/div>\n\t\t\t\t\t<\/div>\n\t\t<\/section>\n\t\t\t\t<section class=\"elementor-section elementor-top-section elementor-element elementor-element-5f5846c elementor-section-boxed elementor-section-height-default elementor-section-height-default\" data-id=\"5f5846c\" data-element_type=\"section\">\n\t\t\t\t\t\t<div class=\"elementor-container elementor-column-gap-default\">\n\t\t\t\t\t\t\t<div class=\"elementor-row\">\n\t\t\t\t\t<div class=\"elementor-column elementor-col-50 elementor-top-column elementor-element elementor-element-90f294a\" data-id=\"90f294a\" data-element_type=\"column\">\n\t\t\t<div class=\"elementor-column-wrap elementor-element-populated\">\n\t\t\t\t\t\t\t<div class=\"elementor-widget-wrap\">\n\t\t\t\t\t\t<div class=\"elementor-element elementor-element-601c13e elementor-widget elementor-widget-image\" data-id=\"601c13e\" data-element_type=\"widget\" data-widget_type=\"image.default\">\n\t\t\t\t<div class=\"elementor-widget-container\">\n\t\t\t\t\t<div class=\"elementor-image\">\n\t\t\t\t\t\t\t\t\t\t<img src=\"https:\/\/dreamflyingparagliding.com\/wp-content\/uploads\/elementor\/thumbs\/Parapente_Medellin_Paragliding02-ojhk7nuf38x6zvo69kxytqcs8mucpxm5ngwpzl35q0.jpg\" title=\"Parapente_Medellin\" alt=\"Parapente_Medellin\" \/>\t\t\t\t\t\t\t\t\t\t\t<\/div>\n\t\t\t\t<\/div>\n\t\t\t\t<\/div>\n\t\t\t\t\t\t<\/div>\n\t\t\t\t\t<\/div>\n\t\t<\/div>\n\t\t\t\t<div class=\"elementor-column elementor-col-50 elementor-top-column elementor-element elementor-element-07c9619\" data-id=\"07c9619\" data-element_type=\"column\">\n\t\t\t<div class=\"elementor-column-wrap elementor-element-populated\">\n\t\t\t\t\t\t\t<div class=\"elementor-widget-wrap\">\n\t\t\t\t\t\t<div class=\"elementor-element elementor-element-931f6d5 elementor-widget elementor-widget-image\" data-id=\"931f6d5\" data-element_type=\"widget\" data-widget_type=\"image.default\">\n\t\t\t\t<div class=\"elementor-widget-container\">\n\t\t\t\t\t<div class=\"elementor-image\">\n\t\t\t\t\t\t\t\t\t\t<img src=\"https:\/\/dreamflyingparagliding.com\/wp-content\/uploads\/elementor\/thumbs\/Parapente_Medellin_Paragliding09-ojhk6kd747f5g99io3vmx0bfag8xqn9fi1ibtypozc.jpg\" title=\"Parapente_Medellin\" alt=\"Parapente_Medellin\" \/>\t\t\t\t\t\t\t\t\t\t\t<\/div>\n\t\t\t\t<\/div>\n\t\t\t\t<\/div>\n\t\t\t\t\t\t<\/div>\n\t\t\t\t\t<\/div>\n\t\t<\/div>\n\t\t\t\t\t\t\t\t<\/div>\n\t\t\t\t\t<\/div>\n\t\t<\/section>\n\t\t\t\t<section class=\"elementor-section elementor-top-section elementor-element elementor-element-169ac20 elementor-section-boxed elementor-section-height-default elementor-section-height-default\" data-id=\"169ac20\" data-element_type=\"section\">\n\t\t\t\t\t\t<div class=\"elementor-container elementor-column-gap-default\">\n\t\t\t\t\t\t\t<div class=\"elementor-row\">\n\t\t\t\t\t<div class=\"elementor-column elementor-col-100 elementor-top-column elementor-element elementor-element-c9be6a2\" data-id=\"c9be6a2\" data-element_type=\"column\">\n\t\t\t<div class=\"elementor-column-wrap\">\n\t\t\t\t\t\t\t<div class=\"elementor-widget-wrap\">\n\t\t\t\t\t\t\t\t<\/div>\n\t\t\t\t\t<\/div>\n\t\t<\/div>\n\t\t\t\t\t\t\t\t<\/div>\n\t\t\t\t\t<\/div>\n\t\t<\/section>\n\t\t\t\t<section class=\"elementor-section elementor-top-section elementor-element elementor-element-88ecf8a elementor-section-boxed elementor-section-height-default elementor-section-height-default\" data-id=\"88ecf8a\" data-element_type=\"section\">\n\t\t\t\t\t\t<div class=\"elementor-container elementor-column-gap-default\">\n\t\t\t\t\t\t\t<div class=\"elementor-row\">\n\t\t\t\t\t<div class=\"elementor-column elementor-col-100 elementor-top-column elementor-element elementor-element-243344c\" data-id=\"243344c\" data-element_type=\"column\">\n\t\t\t<div class=\"elementor-column-wrap elementor-element-populated\">\n\t\t\t\t\t\t\t<div class=\"elementor-widget-wrap\">\n\t\t\t\t\t\t<div class=\"elementor-element elementor-element-6404fb4 elementor-widget elementor-widget-text-editor\" data-id=\"6404fb4\" data-element_type=\"widget\" data-widget_type=\"text-editor.default\">\n\t\t\t\t<div class=\"elementor-widget-container\">\n\t\t\t\t\t<div class=\"elementor-text-editor elementor-clearfix\"><p><strong>FAQ<\/strong><\/p><p>\u00a0<\/p><p><strong>1. How to get there?<\/strong><\/p><p><strong>Public transport:<\/strong> Take the metro to the Caribe station, then get off and enter the Terminal del Norte and look for Ticket Office # 11 and ask for the Belmira Express Bus; You buy your ticket to San Felix and tell the driver to drop you off at Estadero EL VOLADERO (the one with the plane). Then you look towards the mountain and go up the orange-colored stairs on the right, at the Information Point ask for El Sue\u00f1o de Volar (The Dream Of Flying) or the Pilot Juan David Ochoa.<\/p><p><strong>Private transport<\/strong>\u00a0we are located at Kilometer 5.6 via San Pedro de los Milagros. Take the road 80, towards San Crist\u00f3bal by the old road to San Ta Fe de Antioquia, you can go up by Pajarito or the New road to Santa Fe, pass the Las Hamacas stadium and continue straight until you find the San Pedro de los Milagros, continue straight and 300 meters before the San F\u00e9lix tollbooth go up to the viewpoint, if you go by car pass the tollbooth and at the first entrance on the left go up or leave it at the Voladero stadium, then look towards the mountain and go up the the orange-colored stairs on the right at the Information Point ask for El Sue\u00f1o de Volar or the Pilot Juan David Ochoa. We have parking spaces for you to enjoy a quiet afternoon full of happiness.<\/p><p>\u00a0<\/p><p><strong>2. D<\/strong><strong>ays and hours for the activity.<\/strong><\/p><p>Every day from Monday to Sunday, depending on the weather conditions, regularly with good weather the activity takes place from 9 am to 5 pm<\/p><p>\u00a0<\/p><p><strong>3. How do I buy or how do I make a reservation?<\/strong><\/p><p>We have some sales kiosks that are directly on site or book one day in advance here or at +573016868135 \u2013 +573185176001<\/p><p>\u00a0<\/p><p><strong>4. Is it safe to fly?<\/strong><\/p><p>Tandem paragliding flights consist of flying together with the pilot, using a special harness and an anchoring system. The passenger sits in the chair in front of the pilot, enjoying the flight experience. Flying is very easy, anyone can do this activity from the age of 4, since no experience is needed. The passenger only has to take a short run at the time of takeoff, the pilot takes care of the rest.<\/p><\/div>\n\t\t\t\t<\/div>\n\t\t\t\t<\/div>\n\t\t\t\t\t\t<\/div>\n\t\t\t\t\t<\/div>\n\t\t<\/div>\n\t\t\t\t\t\t\t\t<\/div>\n\t\t\t\t\t<\/div>\n\t\t<\/section>\n\t\t\t\t\t\t<\/div>\n\t\t\t\t\t\t<\/div>\n\t\t\t\t\t<\/div>","protected":false},"excerpt":{"rendered":"<p>Cont\u00e1ctanos y reserva \u00bfListo o lista para volar? Realiza tu reserva y conserva tu d\u00eda de vuelo. Escr\u00edbenos o ll\u00e1manos ahora al:+57 301 6868135 +57 318 5176001 PREGUNTAS FRECUENTES \u00a0 1. \u00bfC\u00f3mo llegar? Transporte p\u00fablico: toma el metro hasta la estaci\u00f3n Caribe, luego te bajas y entras a la Terminal del Norte\u00a0 y buscas la &hellip;<\/p>\n<p class=\"read-more\"> <a class=\"\" href=\"https:\/\/dreamflyingparagliding.com\/en\/contact-us\/\"> <span class=\"screen-reader-text\">Contact Us<\/span> Read More &raquo;<\/a><\/p>","protected":false},"author":1,"featured_media":0,"parent":0,"menu_order":0,"comment_status":"closed","ping_status":"closed","template":"","meta":{"_bbp_topic_count":0,"_bbp_reply_count":0,"_bbp_total_topic_count":0,"_bbp_total_reply_count":0,"_bbp_voice_count":0,"_bbp_anonymous_reply_count":0,"_bbp_topic_count_hidden":0,"_bbp_reply_count_hidden":0,"_bbp_forum_subforum_count":0,"site-sidebar-layout":"no-sidebar","site-content-layout":"page-builder","ast-global-header-display":"","ast-main-header-display":"","ast-hfb-above-header-display":"","ast-hfb-below-header-display":"","ast-hfb-mobile-header-display":"","site-post-title":"disabled","ast-breadcrumbs-content":"","ast-featured-img":"disabled","footer-sml-layout":"","theme-transparent-header-meta":"enabled","adv-header-id-meta":"","stick-header-meta":"","header-above-stick-meta":"","header-main-stick-meta":"","header-below-stick-meta":""},"_links":{"self":[{"href":"https:\/\/dreamflyingparagliding.com\/en\/wp-json\/wp\/v2\/pages\/1311"}],"collection":[{"href":"https:\/\/dreamflyingparagliding.com\/en\/wp-json\/wp\/v2\/pages"}],"about":[{"href":"https:\/\/dreamflyingparagliding.com\/en\/wp-json\/wp\/v2\/types\/page"}],"author":[{"embeddable":true,"href":"https:\/\/dreamflyingparagliding.com\/en\/wp-json\/wp\/v2\/users\/1"}],"replies":[{"embeddable":true,"href":"https:\/\/dreamflyingparagliding.com\/en\/wp-json\/wp\/v2\/comments?post=1311"}],"version-history":[{"count":42,"href":"https:\/\/dreamflyingparagliding.com\/en\/wp-json\/wp\/v2\/pages\/1311\/revisions"}],"predecessor-version":[{"id":2057,"href":"https:\/\/dreamflyingparagliding.com\/en\/wp-json\/wp\/v2\/pages\/1311\/revisions\/2057"}],"wp:attachment":[{"href":"https:\/\/dreamflyingparagliding.com\/en\/wp-json\/wp\/v2\/media?parent=1311"}],"curies":[{"name":"wp","href":"https:\/\/api.w.org\/{rel}","templated":true}]}}