{"id":1308,"date":"2019-01-23T06:31:31","date_gmt":"2019-01-23T06:31:31","guid":{"rendered":"http:\/\/dreamflyingparagliding.com\/about-us\/"},"modified":"2022-11-29T22:37:38","modified_gmt":"2022-11-30T03:37:38","slug":"about-us","status":"publish","type":"page","link":"https:\/\/dreamflyingparagliding.com\/en\/about-us\/","title":{"rendered":"About Us"},"content":{"rendered":"<div data-elementor-type=\"wp-post\" data-elementor-id=\"1308\" class=\"elementor elementor-1308\" data-elementor-settings=\"[]\">\n\t\t\t\t\t\t<div class=\"elementor-inner\">\n\t\t\t\t\t\t\t<div class=\"elementor-section-wrap\">\n\t\t\t\t\t\t\t<section class=\"elementor-section elementor-top-section elementor-element elementor-element-6ccdc95 elementor-section-content-middle elementor-section-boxed elementor-section-height-default elementor-section-height-default\" data-id=\"6ccdc95\" data-element_type=\"section\" data-settings=\"{&quot;background_background&quot;:&quot;classic&quot;}\">\n\t\t\t\t\t\t\t<div class=\"elementor-background-overlay\"><\/div>\n\t\t\t\t\t\t\t<div class=\"elementor-container elementor-column-gap-no\">\n\t\t\t\t\t\t\t<div class=\"elementor-row\">\n\t\t\t\t\t<div class=\"elementor-column elementor-col-100 elementor-top-column elementor-element elementor-element-4f6adc0\" data-id=\"4f6adc0\" data-element_type=\"column\">\n\t\t\t<div class=\"elementor-column-wrap elementor-element-populated\">\n\t\t\t\t\t\t\t<div class=\"elementor-widget-wrap\">\n\t\t\t\t\t\t<div class=\"elementor-element elementor-element-179c706 elementor-widget elementor-widget-heading\" data-id=\"179c706\" data-element_type=\"widget\" data-widget_type=\"heading.default\">\n\t\t\t\t<div class=\"elementor-widget-container\">\n\t\t\t<h1 class=\"elementor-heading-title elementor-size-default\">About us<\/h1>\t\t<\/div>\n\t\t\t\t<\/div>\n\t\t\t\t\t\t<\/div>\n\t\t\t\t\t<\/div>\n\t\t<\/div>\n\t\t\t\t\t\t\t\t<\/div>\n\t\t\t\t\t<\/div>\n\t\t<\/section>\n\t\t\t\t<section class=\"elementor-section elementor-top-section elementor-element elementor-element-4a5d220 elementor-section-boxed elementor-section-height-default elementor-section-height-default\" data-id=\"4a5d220\" data-element_type=\"section\">\n\t\t\t\t\t\t<div class=\"elementor-container elementor-column-gap-no\">\n\t\t\t\t\t\t\t<div class=\"elementor-row\">\n\t\t\t\t\t<div class=\"elementor-column elementor-col-33 elementor-top-column elementor-element elementor-element-737ec4c\" data-id=\"737ec4c\" data-element_type=\"column\">\n\t\t\t<div class=\"elementor-column-wrap elementor-element-populated\">\n\t\t\t\t\t\t\t<div class=\"elementor-widget-wrap\">\n\t\t\t\t\t\t<div class=\"elementor-element elementor-element-5ae5b5c elementor-widget elementor-widget-image\" data-id=\"5ae5b5c\" data-element_type=\"widget\" data-widget_type=\"image.default\">\n\t\t\t\t<div class=\"elementor-widget-container\">\n\t\t\t\t\t<div class=\"elementor-image\">\n\t\t\t\t\t\t\t\t\t\t<img width=\"384\" height=\"512\" src=\"https:\/\/dreamflyingparagliding.com\/wp-content\/uploads\/2022\/10\/spg5wrb5agh9cnhrr20220325155438.jpg\" class=\"attachment-large size-large\" alt=\"\" loading=\"lazy\" srcset=\"https:\/\/dreamflyingparagliding.com\/wp-content\/uploads\/2022\/10\/spg5wrb5agh9cnhrr20220325155438.jpg 384w, https:\/\/dreamflyingparagliding.com\/wp-content\/uploads\/2022\/10\/spg5wrb5agh9cnhrr20220325155438-225x300.jpg 225w\" sizes=\"(max-width: 384px) 100vw, 384px\" \/>\t\t\t\t\t\t\t\t\t\t\t<\/div>\n\t\t\t\t<\/div>\n\t\t\t\t<\/div>\n\t\t\t\t\t\t<\/div>\n\t\t\t\t\t<\/div>\n\t\t<\/div>\n\t\t\t\t<div class=\"elementor-column elementor-col-66 elementor-top-column elementor-element elementor-element-e6bc9af\" data-id=\"e6bc9af\" data-element_type=\"column\">\n\t\t\t<div class=\"elementor-column-wrap elementor-element-populated\">\n\t\t\t\t\t\t\t<div class=\"elementor-widget-wrap\">\n\t\t\t\t\t\t<div class=\"elementor-element elementor-element-8bf9f70 elementor-widget elementor-widget-text-editor\" data-id=\"8bf9f70\" data-element_type=\"widget\" data-widget_type=\"text-editor.default\">\n\t\t\t\t<div class=\"elementor-widget-container\">\n\t\t\t\t\t<div class=\"elementor-text-editor elementor-clearfix\"><p class=\"font_8\">The dream of flying, was the name I chose when I was 11 years old when I saw paraglider for the first time, and I thought wow!! THE DREAM OF FLYING can come true; I was usually an expert in catching balloons and since I saw this I never ran for them again, but for a Paraglider, it was where my life changed and I became just another bird.<\/p><p class=\"font_8\">\u00a0<\/p><p class=\"font_8\">Over time I worked for a company as a bender (person who bends a sail) and during the years I learnt to fly. Then I took people for a ride in the SKY and later I began to teach everything I had learned empirically. Years later I became professional with expert people and important courses; then I said to myself, one day I will have my own company that I will call it <span style=\"font-weight: bold;\">THE DREAM OF FLYING<\/span><\/p><p class=\"font_8\">\u00a0<\/p><p class=\"font_8\">That's how it was, today we have more than 25 years sharing this happiness with millions of people worldwide, they don't know how happy I am in my profession, this is everything for my life.<\/p><p class=\"font_8\">\u00a0<\/p><p class=\"font_8\"><span style=\"font-weight: bold;\">I have been creating a community of athletes for 25 years, training and supporting all the people who want to live this beautiful experience as an athlete.\u00a0<\/span><\/p><\/div>\n\t\t\t\t<\/div>\n\t\t\t\t<\/div>\n\t\t\t\t<div class=\"elementor-element elementor-element-1f5d00e elementor-mobile-align-center elementor-widget elementor-widget-button\" data-id=\"1f5d00e\" data-element_type=\"widget\" data-widget_type=\"button.default\">\n\t\t\t\t<div class=\"elementor-widget-container\">\n\t\t\t\t\t<div class=\"elementor-button-wrapper\">\n\t\t\t<a href=\"https:\/\/dreamflyingparagliding.com\/en\/store\/\" class=\"elementor-button-link elementor-button elementor-size-md\" role=\"button\">\n\t\t\t\t\t\t<span class=\"elementor-button-content-wrapper\">\n\t\t\t\t\t\t<span class=\"elementor-button-text\">BOOK NOW<\/span>\n\t\t<\/span>\n\t\t\t\t\t<\/a>\n\t\t<\/div>\n\t\t\t\t<\/div>\n\t\t\t\t<\/div>\n\t\t\t\t\t\t<\/div>\n\t\t\t\t\t<\/div>\n\t\t<\/div>\n\t\t\t\t\t\t\t\t<\/div>\n\t\t\t\t\t<\/div>\n\t\t<\/section>\n\t\t\t\t<section class=\"elementor-section elementor-top-section elementor-element elementor-element-a400379 elementor-section-content-middle elementor-section-boxed elementor-section-height-default elementor-section-height-default\" data-id=\"a400379\" data-element_type=\"section\" data-settings=\"{&quot;background_background&quot;:&quot;classic&quot;}\">\n\t\t\t\t\t\t<div class=\"elementor-container elementor-column-gap-no\">\n\t\t\t\t\t\t\t<div class=\"elementor-row\">\n\t\t\t\t\t<div class=\"elementor-column elementor-col-100 elementor-top-column elementor-element elementor-element-c9222c3\" data-id=\"c9222c3\" data-element_type=\"column\">\n\t\t\t<div class=\"elementor-column-wrap elementor-element-populated\">\n\t\t\t\t\t\t\t<div class=\"elementor-widget-wrap\">\n\t\t\t\t\t\t<div class=\"elementor-element elementor-element-7e489a2 elementor-widget elementor-widget-heading\" data-id=\"7e489a2\" data-element_type=\"widget\" data-widget_type=\"heading.default\">\n\t\t\t\t<div class=\"elementor-widget-container\">\n\t\t\t<h2 class=\"elementor-heading-title elementor-size-default\">OUR TEAM<\/h2>\t\t<\/div>\n\t\t\t\t<\/div>\n\t\t\t\t<div class=\"elementor-element elementor-element-b2657e0 elementor-widget elementor-widget-text-editor\" data-id=\"b2657e0\" data-element_type=\"widget\" data-widget_type=\"text-editor.default\">\n\t\t\t\t<div class=\"elementor-widget-container\">\n\t\t\t\t\t<div class=\"elementor-text-editor elementor-clearfix\"><p>Our Pilots and Instructors have been certified, instructed, studied and trained in national and international institutions to take you to fly and live the best experience with the greatest security.<\/p><p><span style=\"background-color: var( --e-global-color-astglobalcolor4 ); color: var(--ast-global-color-3); font-style: inherit; font-weight: inherit;\">Tandem Pilots are those who have the certi\ufb01cation and experience to carry you connected to them through a harness (seat) throughout your flight until the end of the flight; You do not need any type of knowledge, just an explanation prior to carrying out the activity.<\/span><\/p><\/div>\n\t\t\t\t<\/div>\n\t\t\t\t<\/div>\n\t\t\t\t<div class=\"elementor-element elementor-element-beeacce elementor-widget elementor-widget-image\" data-id=\"beeacce\" data-element_type=\"widget\" data-widget_type=\"image.default\">\n\t\t\t\t<div class=\"elementor-widget-container\">\n\t\t\t\t\t<div class=\"elementor-image\">\n\t\t\t\t\t\t\t\t\t\t<img width=\"768\" height=\"512\" src=\"https:\/\/dreamflyingparagliding.com\/wp-content\/uploads\/2022\/10\/12-768x512.jpg\" class=\"attachment-medium_large size-medium_large\" alt=\"\" loading=\"lazy\" srcset=\"https:\/\/dreamflyingparagliding.com\/wp-content\/uploads\/2022\/10\/12-768x512.jpg 768w, https:\/\/dreamflyingparagliding.com\/wp-content\/uploads\/2022\/10\/12-300x200.jpg 300w, https:\/\/dreamflyingparagliding.com\/wp-content\/uploads\/2022\/10\/12-1024x683.jpg 1024w, https:\/\/dreamflyingparagliding.com\/wp-content\/uploads\/2022\/10\/12-1536x1024.jpg 1536w, https:\/\/dreamflyingparagliding.com\/wp-content\/uploads\/2022\/10\/12-2048x1365.jpg 2048w, https:\/\/dreamflyingparagliding.com\/wp-content\/uploads\/2022\/10\/12-600x400.jpg 600w\" sizes=\"(max-width: 768px) 100vw, 768px\" \/>\t\t\t\t\t\t\t\t\t\t\t<\/div>\n\t\t\t\t<\/div>\n\t\t\t\t<\/div>\n\t\t\t\t<div class=\"elementor-element elementor-element-d95e11a elementor-widget elementor-widget-text-editor\" data-id=\"d95e11a\" data-element_type=\"widget\" data-widget_type=\"text-editor.default\">\n\t\t\t\t<div class=\"elementor-widget-container\">\n\t\t\t\t\t<div class=\"elementor-text-editor elementor-clearfix\"><p class=\"font_8\">Currently, EL SUE\u00d1O DE VOLAR has tandem equipments certified and endorsed by ACERT (Andean inspection and certification company).<\/p><p class=\"font_8\">\u00a0<\/p><p class=\"font_8\"><span style=\"font-weight: bold;\">We use the best brands in security:<\/span><\/p><ul class=\"font_8\"><li><p class=\"font_8\">Harness (saddles): we use WOODY, VALLEY and SUPAIR<\/p><\/li><li><p class=\"font_8\">Sails and Paragliding equipment we really like brands like OZONE, SKY PARAGLIDING, ADVANCE, and ICARO.<\/p><\/li><li><p class=\"font_8\">We have emergency parachutes of APCO and ICARO brands<\/p><\/li><li><p class=\"font_8\">Helmets are certified with the 911 standard and the brands are OZONE, PLUSMAX, SUPAIR and SALOMON.<\/p><\/li><\/ul><\/div>\n\t\t\t\t<\/div>\n\t\t\t\t<\/div>\n\t\t\t\t\t\t<\/div>\n\t\t\t\t\t<\/div>\n\t\t<\/div>\n\t\t\t\t\t\t\t\t<\/div>\n\t\t\t\t\t<\/div>\n\t\t<\/section>\n\t\t\t\t<section class=\"elementor-section elementor-top-section elementor-element elementor-element-bab2074 elementor-section-boxed elementor-section-height-default elementor-section-height-default\" data-id=\"bab2074\" data-element_type=\"section\">\n\t\t\t\t\t\t<div class=\"elementor-container elementor-column-gap-default\">\n\t\t\t\t\t\t\t<div class=\"elementor-row\">\n\t\t\t\t\t<div class=\"elementor-column elementor-col-50 elementor-top-column elementor-element elementor-element-f7439cc\" data-id=\"f7439cc\" data-element_type=\"column\">\n\t\t\t<div class=\"elementor-column-wrap elementor-element-populated\">\n\t\t\t\t\t\t\t<div class=\"elementor-widget-wrap\">\n\t\t\t\t\t\t<div class=\"elementor-element elementor-element-52fb9c0 elementor-widget elementor-widget-image\" data-id=\"52fb9c0\" data-element_type=\"widget\" data-widget_type=\"image.default\">\n\t\t\t\t<div class=\"elementor-widget-container\">\n\t\t\t\t\t<div class=\"elementor-image\">\n\t\t\t\t\t\t\t\t\t\t<img src=\"https:\/\/dreamflyingparagliding.com\/wp-content\/uploads\/elementor\/thumbs\/5-scaled-pwuw7ob8lorzh4ghixkz6f2olxz2628fws5e6ieavc.jpg\" title=\"5\" alt=\"5\" \/>\t\t\t\t\t\t\t\t\t\t\t<\/div>\n\t\t\t\t<\/div>\n\t\t\t\t<\/div>\n\t\t\t\t\t\t<\/div>\n\t\t\t\t\t<\/div>\n\t\t<\/div>\n\t\t\t\t<div class=\"elementor-column elementor-col-50 elementor-top-column elementor-element elementor-element-a44c39d\" data-id=\"a44c39d\" data-element_type=\"column\">\n\t\t\t<div class=\"elementor-column-wrap elementor-element-populated\">\n\t\t\t\t\t\t\t<div class=\"elementor-widget-wrap\">\n\t\t\t\t\t\t<div class=\"elementor-element elementor-element-74138a3 elementor-widget elementor-widget-image\" data-id=\"74138a3\" data-element_type=\"widget\" data-widget_type=\"image.default\">\n\t\t\t\t<div class=\"elementor-widget-container\">\n\t\t\t\t\t<div class=\"elementor-image\">\n\t\t\t\t\t\t\t\t\t\t<img src=\"https:\/\/dreamflyingparagliding.com\/wp-content\/uploads\/elementor\/thumbs\/10-scaled-pwuw78bzdi63zr3p48obi13uie5tj7h06l250t1zt4.jpg\" title=\"10\" alt=\"10\" \/>\t\t\t\t\t\t\t\t\t\t\t<\/div>\n\t\t\t\t<\/div>\n\t\t\t\t<\/div>\n\t\t\t\t\t\t<\/div>\n\t\t\t\t\t<\/div>\n\t\t<\/div>\n\t\t\t\t\t\t\t\t<\/div>\n\t\t\t\t\t<\/div>\n\t\t<\/section>\n\t\t\t\t\t\t<\/div>\n\t\t\t\t\t\t<\/div>\n\t\t\t\t\t<\/div>","protected":false},"excerpt":{"rendered":"<p>Nosotros EL sue\u00f1o de volar, fue el nombre que eleg\u00ed a mis 11 a\u00f1os cuando por primera vez vi un hombre volando en un parapente, y pens\u00e9 wowowo EL SUE\u00d1O DE VOLAR se puede hacer realidad; usualmente era experto en coger globos y desde que vi esto nunca m\u00e1s volv\u00ed a correr por ellos, pero &hellip;<\/p>\n<p class=\"read-more\"> <a class=\"\" href=\"https:\/\/dreamflyingparagliding.com\/en\/about-us\/\"> <span class=\"screen-reader-text\">About Us<\/span> Read More &raquo;<\/a><\/p>","protected":false},"author":1,"featured_media":0,"parent":0,"menu_order":0,"comment_status":"closed","ping_status":"closed","template":"","meta":{"_bbp_topic_count":0,"_bbp_reply_count":0,"_bbp_total_topic_count":0,"_bbp_total_reply_count":0,"_bbp_voice_count":0,"_bbp_anonymous_reply_count":0,"_bbp_topic_count_hidden":0,"_bbp_reply_count_hidden":0,"_bbp_forum_subforum_count":0,"site-sidebar-layout":"no-sidebar","site-content-layout":"page-builder","ast-global-header-display":"","ast-main-header-display":"","ast-hfb-above-header-display":"","ast-hfb-below-header-display":"","ast-hfb-mobile-header-display":"","site-post-title":"disabled","ast-breadcrumbs-content":"","ast-featured-img":"disabled","footer-sml-layout":"","theme-transparent-header-meta":"enabled","adv-header-id-meta":"","stick-header-meta":"","header-above-stick-meta":"","header-main-stick-meta":"","header-below-stick-meta":""},"_links":{"self":[{"href":"https:\/\/dreamflyingparagliding.com\/en\/wp-json\/wp\/v2\/pages\/1308"}],"collection":[{"href":"https:\/\/dreamflyingparagliding.com\/en\/wp-json\/wp\/v2\/pages"}],"about":[{"href":"https:\/\/dreamflyingparagliding.com\/en\/wp-json\/wp\/v2\/types\/page"}],"author":[{"embeddable":true,"href":"https:\/\/dreamflyingparagliding.com\/en\/wp-json\/wp\/v2\/users\/1"}],"replies":[{"embeddable":true,"href":"https:\/\/dreamflyingparagliding.com\/en\/wp-json\/wp\/v2\/comments?post=1308"}],"version-history":[{"count":27,"href":"https:\/\/dreamflyingparagliding.com\/en\/wp-json\/wp\/v2\/pages\/1308\/revisions"}],"predecessor-version":[{"id":2115,"href":"https:\/\/dreamflyingparagliding.com\/en\/wp-json\/wp\/v2\/pages\/1308\/revisions\/2115"}],"wp:attachment":[{"href":"https:\/\/dreamflyingparagliding.com\/en\/wp-json\/wp\/v2\/media?parent=1308"}],"curies":[{"name":"wp","href":"https:\/\/api.w.org\/{rel}","templated":true}]}}